{"id":805,"date":"2018-08-30T13:00:06","date_gmt":"2018-08-30T16:00:06","guid":{"rendered":"https:\/\/isfdimi-cba.infd.edu.ar\/sitio\/nivel-secundario\/"},"modified":"2021-02-12T15:39:42","modified_gmt":"2021-02-12T18:39:42","slug":"nivel-secundario","status":"publish","type":"page","link":"https:\/\/isfdimi-cba.infd.edu.ar\/sitio\/nivel-secundario\/","title":{"rendered":"Nivel Secundario"},"content":{"rendered":"<h3>Enlace al <a href=\"https:\/\/docs.google.com\/document\/d\/1R3GYZz6q_AeJEXaiF_2J_Dkqf2mK8V-hnbZPRZVamls\/edit?usp=sharing\">BANCO DE SITUACIONES POTENTES<\/a><\/h3>\n<h3><\/h3>\n<p><img decoding=\"async\" loading=\"lazy\" style=\"vertical-align: middle; display: block; margin-left: auto; margin-right: auto;\" src=\"https:\/\/isfdimi-cba.infd.edu.ar\/aula\/archivos\/repositorio\/0\/115\/13901452_299230053770083_707158736731808849_n.jpg\" alt=\"\" width=\"453\" height=\"255\" border=\"0\" \/><\/p>\n<p><span style=\"font-size: 10pt; color: #0000ff;\"><strong><span style=\"font-family: arial,helvetica,sans-serif;\"><em>Objetivos de la Educaci\u00f3n Secundaria<\/em> <\/span><\/strong><\/span><\/p>\n<p><span style=\"font-family: arial,helvetica,sans-serif; font-size: 8pt;\">\u2022Contribuir a la formaci\u00f3n integral de los adolescentes y j\u00f3venes como personas, sujetos conscientes de sus derechos y obligaciones, promoviendo el desarrollo de todas sus dimensiones a trav\u00e9s de una educaci\u00f3n configurada en torno a los valores cristianos que les permitan desenvolverse en la sociedad practicando el pluralismo libre de toda discriminaci\u00f3n, comprometidos con la exigencia de la participaci\u00f3n comunitaria, motivados por la solidaridad hacia sus semejantes y preparados para el ejercicio de la vida democr\u00e1tica, en la aceptaci\u00f3n y pr\u00e1ctica de los Derechos Humanos y la diversidad cultural;<\/span><\/p>\n<p><span style=\"font-family: arial,helvetica,sans-serif; font-size: 8pt;\">\u2022Promover pr\u00e1cticas de ense\u00f1anza que permitan el acceso al conocimiento como saber integrado, a trav\u00e9s de las distintas \u00e1reas y disciplinas que lo constituyen, fortaleciendo capacidades y h\u00e1bitos de estudio, de aprendizaje e investigaci\u00f3n, de juicio cr\u00edtico y discernimiento;<\/span><\/p>\n<p><span style=\"font-family: arial,helvetica,sans-serif; font-size: 8pt;\">\u2022 Formar ciudadanos capaces de utilizar el conocimiento como una herramienta para comprender, transformar y actuar cr\u00edtica y reflexivamente en la sociedad contempor\u00e1nea.<\/span><\/p>\n<p><span style=\"font-family: arial,helvetica,sans-serif; font-size: 8pt;\">\u00a0<\/span><\/p>\n<p>&nbsp;<\/p>\n","protected":false},"excerpt":{"rendered":"<p>Enlace al BANCO DE SITUACIONES POTENTES Objetivos de la Educaci\u00f3n Secundaria \u2022Contribuir a la formaci\u00f3n integral de los adolescentes y j\u00f3venes como personas, sujetos conscientes de sus derechos y obligaciones, promoviendo el desarrollo de todas sus dimensiones a trav\u00e9s de una educaci\u00f3n configurada en torno a los valores cristianos que les permitan desenvolverse en la &#8230; <a title=\"Nivel Secundario\" class=\"read-more\" href=\"https:\/\/isfdimi-cba.infd.edu.ar\/sitio\/nivel-secundario\/\" aria-label=\"More on Nivel Secundario\">[+]<\/a><\/p>\n","protected":false},"author":319,"featured_media":0,"parent":0,"menu_order":0,"comment_status":"closed","ping_status":"closed","template":"","meta":[],"acf":[],"_links":{"self":[{"href":"https:\/\/isfdimi-cba.infd.edu.ar\/sitio\/wp-json\/wp\/v2\/pages\/805"}],"collection":[{"href":"https:\/\/isfdimi-cba.infd.edu.ar\/sitio\/wp-json\/wp\/v2\/pages"}],"about":[{"href":"https:\/\/isfdimi-cba.infd.edu.ar\/sitio\/wp-json\/wp\/v2\/types\/page"}],"author":[{"embeddable":true,"href":"https:\/\/isfdimi-cba.infd.edu.ar\/sitio\/wp-json\/wp\/v2\/users\/319"}],"replies":[{"embeddable":true,"href":"https:\/\/isfdimi-cba.infd.edu.ar\/sitio\/wp-json\/wp\/v2\/comments?post=805"}],"version-history":[{"count":7,"href":"https:\/\/isfdimi-cba.infd.edu.ar\/sitio\/wp-json\/wp\/v2\/pages\/805\/revisions"}],"predecessor-version":[{"id":1119,"href":"https:\/\/isfdimi-cba.infd.edu.ar\/sitio\/wp-json\/wp\/v2\/pages\/805\/revisions\/1119"}],"wp:attachment":[{"href":"https:\/\/isfdimi-cba.infd.edu.ar\/sitio\/wp-json\/wp\/v2\/media?parent=805"}],"curies":[{"name":"wp","href":"https:\/\/api.w.org\/{rel}","templated":true}]}}