{"id":820,"date":"2018-08-30T13:00:11","date_gmt":"2018-08-30T16:00:11","guid":{"rendered":"https:\/\/isfdimi-cba.infd.edu.ar\/sitio\/historia\/"},"modified":"2021-02-08T23:57:21","modified_gmt":"2021-02-09T02:57:21","slug":"historia","status":"publish","type":"page","link":"https:\/\/isfdimi-cba.infd.edu.ar\/sitio\/historia\/","title":{"rendered":"Historia del Nivel Inicial"},"content":{"rendered":"<h1 style=\"text-align: center;\"><span style=\"color: #0000ff;\"><span style=\"font-size: small;\">\u00a0<\/span>Historia del Nivel Inicial<\/span><\/h1>\n<p>&nbsp;<\/p>\n<p>En la d\u00e9cada del \u00b440 dando curso a la demanda de la comunidad varillense, se crea el Jard\u00edn de Infantes \u201cno obligatorio\u201d para dar asistencia, cuidados, bases morales y conocimientos de urbanidad a los m\u00e1s peque\u00f1os, as\u00ed surge la creaci\u00f3n de una guarder\u00eda para \u201cni\u00f1os y ni\u00f1as\u201d de 4 y 5 a\u00f1os que funciona con discontinuidad.<\/p>\n<p>&nbsp;<\/p>\n<p>En 1961 se oficializa el Jard\u00edn de Infantes, integr\u00e1ndose a la educaci\u00f3n sistem\u00e1tica, como un derecho para todos los ni\u00f1os de esta edad.<br \/>\nEn 1970, la instituci\u00f3n se traslada al actual edificio de la calle Espa\u00f1a.<br \/>\nEn marzo de 1989 se oficializa la Sala de 4 a\u00f1os, logr\u00e1ndose el Reconocimiento Pedag\u00f3gico de la misma.<\/p>\n<p>&nbsp;<\/p>\n<p>Como necesidad de nuestros d\u00edas en marzo de 2006, comienza a funcionar la Sala de 3 a\u00f1os en donde la participaci\u00f3n temprana de los ni\u00f1os en la vida pre-escolar, tiene una fuerte influencia en sus progresos educativos posteriores.\u201d<\/p>\n<p>&nbsp;<\/p>\n<p><img decoding=\"async\" loading=\"lazy\" style=\"display: block; margin-left: auto; margin-right: auto;\" src=\"https:\/\/isfdimi-cba.infd.edu.ar\/aula\/archivos\/repositorio\/\/0\/124\/13322141_262015857491503_1199074849630760231_n_1.jpg\" width=\"478\" height=\"319\" border=\"0\" \/><\/p>\n<p>&nbsp;<\/p>\n<p>&nbsp;<\/p>\n<p>&nbsp;<\/p>\n<p>&nbsp;<\/p>\n","protected":false},"excerpt":{"rendered":"<p>\u00a0Historia del Nivel Inicial &nbsp; En la d\u00e9cada del \u00b440 dando curso a la demanda de la comunidad varillense, se crea el Jard\u00edn de Infantes \u201cno obligatorio\u201d para dar asistencia, cuidados, bases morales y conocimientos de urbanidad a los m\u00e1s peque\u00f1os, as\u00ed surge la creaci\u00f3n de una guarder\u00eda para \u201cni\u00f1os y ni\u00f1as\u201d de 4 y &#8230; <a title=\"Historia del Nivel Inicial\" class=\"read-more\" href=\"https:\/\/isfdimi-cba.infd.edu.ar\/sitio\/historia\/\" aria-label=\"More on Historia del Nivel Inicial\">[+]<\/a><\/p>\n","protected":false},"author":319,"featured_media":0,"parent":0,"menu_order":0,"comment_status":"closed","ping_status":"closed","template":"","meta":[],"acf":[],"_links":{"self":[{"href":"https:\/\/isfdimi-cba.infd.edu.ar\/sitio\/wp-json\/wp\/v2\/pages\/820"}],"collection":[{"href":"https:\/\/isfdimi-cba.infd.edu.ar\/sitio\/wp-json\/wp\/v2\/pages"}],"about":[{"href":"https:\/\/isfdimi-cba.infd.edu.ar\/sitio\/wp-json\/wp\/v2\/types\/page"}],"author":[{"embeddable":true,"href":"https:\/\/isfdimi-cba.infd.edu.ar\/sitio\/wp-json\/wp\/v2\/users\/319"}],"replies":[{"embeddable":true,"href":"https:\/\/isfdimi-cba.infd.edu.ar\/sitio\/wp-json\/wp\/v2\/comments?post=820"}],"version-history":[{"count":3,"href":"https:\/\/isfdimi-cba.infd.edu.ar\/sitio\/wp-json\/wp\/v2\/pages\/820\/revisions"}],"predecessor-version":[{"id":1111,"href":"https:\/\/isfdimi-cba.infd.edu.ar\/sitio\/wp-json\/wp\/v2\/pages\/820\/revisions\/1111"}],"wp:attachment":[{"href":"https:\/\/isfdimi-cba.infd.edu.ar\/sitio\/wp-json\/wp\/v2\/media?parent=820"}],"curies":[{"name":"wp","href":"https:\/\/api.w.org\/{rel}","templated":true}]}}