{"id":826,"date":"2018-08-30T13:00:13","date_gmt":"2018-08-30T16:00:13","guid":{"rendered":"https:\/\/isfdimi-cba.infd.edu.ar\/sitio\/historia-2\/"},"modified":"2021-02-08T23:48:39","modified_gmt":"2021-02-09T02:48:39","slug":"historia-2","status":"publish","type":"page","link":"https:\/\/isfdimi-cba.infd.edu.ar\/sitio\/historia-2\/","title":{"rendered":"Historia"},"content":{"rendered":"<p><span style=\"color: #0000ff;\"><strong><span style=\"font-family: 'times new roman', times;\">DEFINICI\u00d3N INSTITUCIONAL<\/span><\/strong><\/span><\/p>\n<p>&nbsp;<\/p>\n<p><span style=\"font-family: 'times new roman', times;\">El Instituto de Mar\u00eda Inmaculada pertenece a la Congregaci\u00f3n de Hermanas Dominicas de San Jos\u00e9, <a href=\"http:\/\/hnasdominicasdesanjose.com.ar\/\">http:\/\/hnasdominicasdesanjose.com.ar\/<\/a>tiene como centro y meta a la persona de Cristo, el \u201cDivino Maestro\u201d, que inspira un estilo educativo \u00fanico y se caracteriza porque promueve la educaci\u00f3n integral y arm\u00f3nica de la persona humana, abarcando todas sus dimensiones constitutivas. Ella apunta a Dios como causa, principio y fin de la vida. <\/span><\/p>\n<p><span style=\"font-family: 'times new roman', times;\">Las instituciones educativas cat\u00f3licas tienen como finalidad la formaci\u00f3n integral del hombre creado a imagen y semejanza de Dios (Gn. 1, 26-27). Tienen a Cristo como modelo de vida. Se fundan en los principios evang\u00e9licos, ofreciendo as\u00ed una concepci\u00f3n del hombre, de Dios y del mundo. Ense\u00f1an a pensar, querer, y obrar seg\u00fan el Evangelio, procurando lograr con excelencia acad\u00e9mica, una s\u00edntesis entre la cultura y la Fe; entre la Fe y la vida. Se propone que la educaci\u00f3n en la Fe en las instituciones cat\u00f3licas sea integral y transversal en todo el curr\u00edculo, teniendo en cuenta el proceso de formaci\u00f3n para encontrar a Cristo y para vivir como disc\u00edpulos y misioneros suyos insertando en \u00e9l verdaderos procesos de iniciaci\u00f3n cristiana.<\/span><\/p>\n<p><span style=\"font-family: 'times new roman', times;\"><img decoding=\"async\" loading=\"lazy\" style=\"display: block; margin-left: auto; margin-right: auto;\" src=\"http:\/\/www.oni.escuelas.edu.ar\/2002\/cordoba\/trueque\/iglevie.jpg\" width=\"212\" height=\"299\" border=\"0\" \/><\/span><\/p>\n<table border=\"0\">\n<tbody>\n<tr>\n<td><\/td>\n<td><\/td>\n<\/tr>\n<\/tbody>\n<\/table>\n<p><span style=\"color: #0000ff;\"><strong><span style=\"font-family: 'times new roman', times;\">NOTAS DE IDENTIDAD INSTITUCIONAL.<\/span><\/strong><\/span><\/p>\n<p><span style=\"font-family: 'times new roman', times;\">La Escuela Cat\u00f3lica participa en la misi\u00f3n salv\u00edfica de la Iglesia y particularmente en la exigencia de la educaci\u00f3n a la Fe, es por esta raz\u00f3n que el prop\u00f3sito que nos gu\u00eda e ilumina como instituci\u00f3n educativa es formar personalidades fuertes, capaces de resistir al relativismo debilitante, y de vivir coherentemente las exigencias del pro<\/span><span style=\"font-family: 'times new roman', times;\">pio bautismo. Esto implica contribuir en el di\u00e1logo cultural con su aportaci\u00f3n original en favor del verdadero progreso y de la formaci\u00f3n integral del hombre desde una opci\u00f3n centrada en Cristo. Desde esta perspectiva, consideramos que la educaci\u00f3n integral comprende imprescindiblemente la dimensi\u00f3n religiosa, la cual contribuye eficazmente al desarrollo de otros aspectos de las personalidades en la medida en que se la integre en la educaci\u00f3n general.<\/span><br \/>\n<span style=\"font-family: 'times new roman', times;\">Este proyecto educativo est\u00e1 fundado en los principios evang\u00e9licos que se sostienen desde la escuela cat\u00f3lica, iluminando valores como el respeto, la verdad, la caridad, la solidaridad, la igualdad, la responsabilidad que promueven la creaci\u00f3n de una sociedad m\u00e1s justa respetuosa de la diversidad, generadora de consensos en un marco de equidad y justicia.<\/span><br \/>\n<span style=\"font-family: 'times new roman', times;\">Queremos Educar en la verdad; en palabras del mismo Fray Reginaldo toro, Padre fundador de la Congregaci\u00f3n de las Hermanas Dominicas de San Jos\u00e9, \u201cEducar y ense\u00f1ar a la juventud, preparar su coraz\u00f3n y su inteligencia para recibir esos golpes que la sociedad con frecuencia descarga sobre el d\u00e9bil y <\/span><\/p>\n<p><span style=\"font-family: 'times new roman', times;\">desprevenido\u201d.<a href=\"http:\/\/www.padrereginaldotoro.com\/\">http:\/\/www.padrereginaldotoro.com\/<\/a><\/span><\/p>\n<p><strong><span style=\"font-family: 'times new roman', times;\">Misi\u00f3n<\/span><\/strong><br \/>\n<span style=\"font-family: 'times new roman', times;\">Promover el desarrollo y consolidaci\u00f3n del Instituto de Mar\u00eda Inmaculada que como escuela cat\u00f3lica se fundamenta en los valores del Evangelio y permita el acceso, permanencia, progreso y egreso satisfactorios de toda la poblaci\u00f3n estudiantil a una educaci\u00f3n de calidad, centrada en el desarrollo integral de la persona (en los diferentes niveles), integrando las oportunidades educativas para contribuir a la justicia social y a su proyecto de vida.<\/span><\/p>\n<p><strong><span style=\"font-family: 'times new roman', times;\">Visi\u00f3n<\/span><\/strong><\/p>\n<p><span style=\"font-family: 'times new roman', times;\">Entendemos al Instituto de Mar\u00eda Inmaculada de la Congregaci\u00f3n de Hermanas Dominicas de San Jos\u00e9 como una Comunidad al servicio de la Iglesia, los estudiantes, las familias, los docentes y la comunidad en general, se caracteriza por una estructura din\u00e1mica, que potencia el desarrollo de las capacidades humanas, basada en una distribuci\u00f3n equitativa del conocimiento y en la b\u00fasqueda permanente de la verdad.<\/span><\/p>\n<p>&nbsp;<\/p>\n<p><span style=\"color: #0000ff;\"><strong><span style=\"font-family: 'times new roman', times;\">OBJETIVOS INSTITUCIONALES<\/span><\/strong><\/span><br \/>\n<span style=\"font-family: 'times new roman', times;\">Nos proponemos:<\/span><br \/>\n<span style=\"font-family: 'times new roman', times;\">o Ofrecer una s\u00f3lida formaci\u00f3n integral, uniendo competencias y capacidades a los valores del Evangelio<\/span><\/p>\n<p><span style=\"font-family: 'times new roman', times;\">o Consolidar un centro educativo organizado, flexible, sistem\u00e1tico y democr\u00e1tico, que brinde una s\u00f3lida capacitaci\u00f3n, optimizando los medios de que dispone para satisfacer las necesidades de aprendizaje de los alumnos en pro de su desempe\u00f1o eficiente en el medio social, favoreciendo su desarrollo integral.<\/span><\/p>\n<p>&nbsp;<\/p>\n<p><span style=\"font-family: 'times new roman', times;\">o Lograr una adecuada organizaci\u00f3n de los recursos, cualidades y esfuerzos humanos y de los recursos materiales disponibles.<\/span><\/p>\n<p><span style=\"font-family: 'times new roman', times;\">o Alcanzar una organizaci\u00f3n y un funcionamiento efectivo y vers\u00e1til que posibilite reajustes y reorientaciones.<\/span><\/p>\n<p><span style=\"font-family: 'times new roman', times;\">o Mantener una actitud constante de revisi\u00f3n cr\u00edtica de la oferta educativa.<\/span><\/p>\n<p><span style=\"font-family: 'times new roman', times;\">o Posibilitar que todos los alumnos, al concluir el tiempo estipulado de concurrencia al Ciclo o Nivel alcancen el desarrollo de todas las dimensiones de la persona que les habilite para el desempe\u00f1o social y laboral, como para el acceso a estudios superiores.<\/span><\/p>\n<p>&nbsp;<\/p>\n<p>&nbsp;<\/p>\n","protected":false},"excerpt":{"rendered":"<p>DEFINICI\u00d3N INSTITUCIONAL &nbsp; El Instituto de Mar\u00eda Inmaculada pertenece a la Congregaci\u00f3n de Hermanas Dominicas de San Jos\u00e9, http:\/\/hnasdominicasdesanjose.com.ar\/tiene como centro y meta a la persona de Cristo, el \u201cDivino Maestro\u201d, que inspira un estilo educativo \u00fanico y se caracteriza porque promueve la educaci\u00f3n integral y arm\u00f3nica de la persona humana, abarcando todas sus dimensiones &#8230; <a title=\"Historia\" class=\"read-more\" href=\"https:\/\/isfdimi-cba.infd.edu.ar\/sitio\/historia-2\/\" aria-label=\"More on Historia\">[+]<\/a><\/p>\n","protected":false},"author":319,"featured_media":0,"parent":0,"menu_order":0,"comment_status":"closed","ping_status":"closed","template":"","meta":[],"acf":[],"_links":{"self":[{"href":"https:\/\/isfdimi-cba.infd.edu.ar\/sitio\/wp-json\/wp\/v2\/pages\/826"}],"collection":[{"href":"https:\/\/isfdimi-cba.infd.edu.ar\/sitio\/wp-json\/wp\/v2\/pages"}],"about":[{"href":"https:\/\/isfdimi-cba.infd.edu.ar\/sitio\/wp-json\/wp\/v2\/types\/page"}],"author":[{"embeddable":true,"href":"https:\/\/isfdimi-cba.infd.edu.ar\/sitio\/wp-json\/wp\/v2\/users\/319"}],"replies":[{"embeddable":true,"href":"https:\/\/isfdimi-cba.infd.edu.ar\/sitio\/wp-json\/wp\/v2\/comments?post=826"}],"version-history":[{"count":3,"href":"https:\/\/isfdimi-cba.infd.edu.ar\/sitio\/wp-json\/wp\/v2\/pages\/826\/revisions"}],"predecessor-version":[{"id":1105,"href":"https:\/\/isfdimi-cba.infd.edu.ar\/sitio\/wp-json\/wp\/v2\/pages\/826\/revisions\/1105"}],"wp:attachment":[{"href":"https:\/\/isfdimi-cba.infd.edu.ar\/sitio\/wp-json\/wp\/v2\/media?parent=826"}],"curies":[{"name":"wp","href":"https:\/\/api.w.org\/{rel}","templated":true}]}}