{"id":828,"date":"2018-08-30T13:00:14","date_gmt":"2018-08-30T16:00:14","guid":{"rendered":"https:\/\/isfdimi-cba.infd.edu.ar\/sitio\/comunidad\/"},"modified":"2021-07-28T09:06:43","modified_gmt":"2021-07-28T12:06:43","slug":"comunidad","status":"publish","type":"page","link":"https:\/\/isfdimi-cba.infd.edu.ar\/sitio\/comunidad\/","title":{"rendered":"Comunidad"},"content":{"rendered":"<h1 style=\"text-align: center;\"><span style=\"color: #0000ff;\"><strong>Los profesores del Nivel Superior<\/strong><\/span><\/h1>\n<p style=\"text-align: center;\">BECHER, Carolina Esther<br \/>\nBERSANO, M\u00f3nica del Valle<br \/>\nBISCAISAQUI, Cecilia Paola<br \/>\nBORGIATTINO, Nicol\u00e1s<br \/>\nCANELO, Betiana Andrea<br \/>\nCARENA, Bibiana Beatriz<br \/>\nCAVAIGNAC, Elsa<br \/>\nCERUTTI, Diego<br \/>\nCRAVERO, Carina<br \/>\nDUTTO, Mar\u00eda Elena<br \/>\nFERREYRA, Carina Andrea<br \/>\nFOOS, Evelyn Ruth<br \/>\nGARCIA, Marisa Andrea<br \/>\nGERBAUDO, Gabriela Alejandra<br \/>\nGONZALEZ, Gabriela<br \/>\nHENZE, Mauro Ignacio<br \/>\nLUCARELLI, Sonia Mercedes<br \/>\nMARTINA, Mar\u00eda Eugenia<br \/>\nMONDINO, Mariel<br \/>\nPEREZ, Marisel del Valle<br \/>\nPETENATTI, Hugo Andr\u00e9s<br \/>\nRASPO, Adriana Mar\u00eda<br \/>\nREARTES, Claudia Fabiana<br \/>\nREARTES, M\u00f3nica Alejandra<br \/>\nVALLETTO, Mar\u00eda Laura<br \/>\nVALLETTO, Mar\u00eda Fernanda<br \/>\nVARAS, Silvana Raquel<br \/>\nVENTURA, Silvia Maricel<br \/>\nVISCONTI, Julieta<\/p>\n<p style=\"text-align: center;\">\n<p style=\"text-align: center;\">\n<p style=\"text-align: center;\">\n","protected":false},"excerpt":{"rendered":"<p>Los profesores del Nivel Superior BECHER, Carolina Esther BERSANO, M\u00f3nica del Valle BISCAISAQUI, Cecilia Paola BORGIATTINO, Nicol\u00e1s CANELO, Betiana Andrea CARENA, Bibiana Beatriz CAVAIGNAC, Elsa CERUTTI, Diego CRAVERO, Carina DUTTO, Mar\u00eda Elena FERREYRA, Carina Andrea FOOS, Evelyn Ruth GARCIA, Marisa Andrea GERBAUDO, Gabriela Alejandra GONZALEZ, Gabriela HENZE, Mauro Ignacio LUCARELLI, Sonia Mercedes MARTINA, Mar\u00eda Eugenia &#8230; <a title=\"Comunidad\" class=\"read-more\" href=\"https:\/\/isfdimi-cba.infd.edu.ar\/sitio\/comunidad\/\" aria-label=\"More on Comunidad\">[+]<\/a><\/p>\n","protected":false},"author":319,"featured_media":0,"parent":0,"menu_order":0,"comment_status":"closed","ping_status":"closed","template":"","meta":[],"acf":[],"_links":{"self":[{"href":"https:\/\/isfdimi-cba.infd.edu.ar\/sitio\/wp-json\/wp\/v2\/pages\/828"}],"collection":[{"href":"https:\/\/isfdimi-cba.infd.edu.ar\/sitio\/wp-json\/wp\/v2\/pages"}],"about":[{"href":"https:\/\/isfdimi-cba.infd.edu.ar\/sitio\/wp-json\/wp\/v2\/types\/page"}],"author":[{"embeddable":true,"href":"https:\/\/isfdimi-cba.infd.edu.ar\/sitio\/wp-json\/wp\/v2\/users\/319"}],"replies":[{"embeddable":true,"href":"https:\/\/isfdimi-cba.infd.edu.ar\/sitio\/wp-json\/wp\/v2\/comments?post=828"}],"version-history":[{"count":2,"href":"https:\/\/isfdimi-cba.infd.edu.ar\/sitio\/wp-json\/wp\/v2\/pages\/828\/revisions"}],"predecessor-version":[{"id":1143,"href":"https:\/\/isfdimi-cba.infd.edu.ar\/sitio\/wp-json\/wp\/v2\/pages\/828\/revisions\/1143"}],"wp:attachment":[{"href":"https:\/\/isfdimi-cba.infd.edu.ar\/sitio\/wp-json\/wp\/v2\/media?parent=828"}],"curies":[{"name":"wp","href":"https:\/\/api.w.org\/{rel}","templated":true}]}}