{"id":846,"date":"2018-08-30T13:00:21","date_gmt":"2018-08-30T16:00:21","guid":{"rendered":"https:\/\/isfdimi-cba.infd.edu.ar\/sitio\/ateneo-unidad-pedagogica\/"},"modified":"2020-05-29T08:07:48","modified_gmt":"2020-05-29T11:07:48","slug":"ateneo-unidad-pedagogica","status":"publish","type":"page","link":"https:\/\/isfdimi-cba.infd.edu.ar\/sitio\/ateneo-unidad-pedagogica\/","title":{"rendered":"ATENEO UNIDAD PEDAG\u00d2GICA"},"content":{"rendered":"<h1 style=\"text-align: center;\"><span style=\"color: #0000ff;\">Unidad Pedag\u00f3gica<\/span><\/h1>\n<p><span style=\"color: #0000ff;\">Organizado todos los profesores de Pr\u00e1ctica Docente de <strong>P.E.P<\/strong>, <strong>P.E.I<\/strong> y <strong>P.E.E<\/strong><\/span><\/p>\n<p><span style=\"font-size: 12pt; color: #800080;\"><strong>PRIMERA PARTE<\/strong><\/span><\/p>\n<p><span style=\"font-size: 10pt; color: #800080;\"><strong>Jueves 31de Mayo de 2018<\/strong><\/span><\/p>\n<div style=\"text-align: center;\">\n<p><iframe loading=\"lazy\" style=\"margin: 0 auto;\" src=\"\/\/v.calameo.com\/?bkcode=000946204b5b701618472&amp;mode=mini&amp;clickto=view&amp;clicktarget=_self\" width=\"560\" height=\"350\" frameborder=\"0\" scrolling=\"no\" allowfullscreen=\"allowfullscreen\"><\/iframe><\/p>\n<div style=\"margin: 4px 0px 8px;\"><a href=\"http:\/\/www.calameo.com\/\" target=\"_blank\" rel=\"noopener\">Leer m\u00e1s publicaciones en Calam\u00e9o<\/a><\/div>\n<\/div>\n<p style=\"text-align: center;\"><iframe loading=\"lazy\" style=\"border: 1px solid #CCC; border-width: 1px; margin-bottom: 5px; max-width: 100%;\" src=\"\/\/www.slideshare.net\/slideshow\/embed_code\/key\/iyTMEckNdQBq9R?wmode=transparent\" width=\"477\" height=\"510\" frameborder=\"0\" marginwidth=\"0\" marginheight=\"0\" scrolling=\"no\" allowfullscreen=\"allowfullscreen\"> <\/iframe><\/p>\n<p style=\"text-align: center;\"><iframe loading=\"lazy\" style=\"border: 1px solid #CCC; border-width: 1px; margin-bottom: 5px; max-width: 100%;\" src=\"\/\/www.slideshare.net\/slideshow\/embed_code\/key\/x1RbRgF64J327W?wmode=transparent\" width=\"477\" height=\"510\" frameborder=\"0\" marginwidth=\"0\" marginheight=\"0\" scrolling=\"no\" allowfullscreen=\"allowfullscreen\"> <\/iframe><\/p>\n<p><iframe loading=\"lazy\" src=\"https:\/\/www.youtube.com\/embed\/cNWMZog6JRw?wmode=transparent\" width=\"560\" height=\"315\" frameborder=\"0\" allowfullscreen=\"allowfullscreen\"><\/iframe><\/p>\n<p><span style=\"color: #800080; font-size: 10pt;\"><strong><span style=\"font-size: 12pt; color: #800080;\">SEGUNDA PARTE<\/span><\/strong><\/span><\/p>\n<p><span style=\"color: #800080; font-size: 10pt;\"><strong>Lunes 25 de Junio de 2018<\/strong><\/span><\/p>\n<p><span style=\"color: #0000ff;\">Cuadernillos que tienen que\u00a0 trabajar con las estudiantes;<\/span><\/p>\n<div>D. DE LA MATEM\u00c1TICA: Cuadernillos\u00a0 3 y 7.<\/div>\n<div>D. DE LA LENGUA Y LITERATURA:\u00a0 Cuadernillos\u00a0 2 y 6<\/div>\n<div>D. DE CS. SOCIALES: Cuadernillos 4 y 8<\/div>\n<div>D. DE CS. NATURALES:\u00a0 Cuadernillos 5 y 9<\/div>\n<div style=\"text-align: center;\"><iframe loading=\"lazy\" style=\"border: 1px solid #CCC; border-width: 1px; margin-bottom: 5px; max-width: 100%;\" src=\"\/\/www.slideshare.net\/slideshow\/embed_code\/key\/pGXfDeDMyDxnTC?wmode=transparent\" width=\"477\" height=\"510\" frameborder=\"0\" marginwidth=\"0\" marginheight=\"0\" scrolling=\"no\" allowfullscreen=\"allowfullscreen\"> <\/iframe><\/div>\n<div style=\"text-align: center;\"><iframe loading=\"lazy\" style=\"border: 1px solid #CCC; border-width: 1px; margin-bottom: 5px; max-width: 100%;\" src=\"\/\/www.slideshare.net\/slideshow\/embed_code\/key\/oDYCFYhCo5BR4h?wmode=transparent\" width=\"477\" height=\"510\" frameborder=\"0\" marginwidth=\"0\" marginheight=\"0\" scrolling=\"no\" allowfullscreen=\"allowfullscreen\"> <\/iframe><\/div>\n<div style=\"text-align: center;\"><iframe loading=\"lazy\" style=\"border: 1px solid #CCC; border-width: 1px; margin-bottom: 5px; max-width: 100%;\" src=\"\/\/www.slideshare.net\/slideshow\/embed_code\/key\/yTnHdPGibf88LW?wmode=transparent\" width=\"477\" height=\"510\" frameborder=\"0\" marginwidth=\"0\" marginheight=\"0\" scrolling=\"no\" allowfullscreen=\"allowfullscreen\"> <\/iframe><\/div>\n<div style=\"text-align: center;\"><iframe loading=\"lazy\" style=\"border: 1px solid #CCC; border-width: 1px; margin-bottom: 5px; max-width: 100%;\" src=\"\/\/www.slideshare.net\/slideshow\/embed_code\/key\/4DrtswoYqFVIum?wmode=transparent\" width=\"477\" height=\"510\" frameborder=\"0\" marginwidth=\"0\" marginheight=\"0\" scrolling=\"no\" allowfullscreen=\"allowfullscreen\"> <\/iframe><\/div>\n<div style=\"text-align: center;\"><iframe loading=\"lazy\" style=\"border: 1px solid #CCC; border-width: 1px; margin-bottom: 5px; max-width: 100%;\" src=\"\/\/www.slideshare.net\/slideshow\/embed_code\/key\/JweREk5epNwyJD?wmode=transparent\" width=\"477\" height=\"510\" frameborder=\"0\" marginwidth=\"0\" marginheight=\"0\" scrolling=\"no\" allowfullscreen=\"allowfullscreen\"> <\/iframe><\/div>\n<div style=\"text-align: center;\"><iframe loading=\"lazy\" style=\"border: 1px solid #CCC; border-width: 1px; margin-bottom: 5px; max-width: 100%;\" src=\"\/\/www.slideshare.net\/slideshow\/embed_code\/key\/8hUvoMSCJy7hUG?wmode=transparent\" width=\"477\" height=\"510\" frameborder=\"0\" marginwidth=\"0\" marginheight=\"0\" scrolling=\"no\" allowfullscreen=\"allowfullscreen\"> <\/iframe><\/div>\n<div style=\"text-align: center;\"><iframe loading=\"lazy\" style=\"border: 1px solid #CCC; border-width: 1px; margin-bottom: 5px; max-width: 100%;\" src=\"\/\/www.slideshare.net\/slideshow\/embed_code\/key\/aGw6x2zDAjO4vG?wmode=transparent\" width=\"477\" height=\"510\" frameborder=\"0\" marginwidth=\"0\" marginheight=\"0\" scrolling=\"no\" allowfullscreen=\"allowfullscreen\"> <\/iframe><\/div>\n","protected":false},"excerpt":{"rendered":"<p>Unidad Pedag\u00f3gica Organizado todos los profesores de Pr\u00e1ctica Docente de P.E.P, P.E.I y P.E.E PRIMERA PARTE Jueves 31de Mayo de 2018 Leer m\u00e1s publicaciones en Calam\u00e9o SEGUNDA PARTE Lunes 25 de Junio de 2018 Cuadernillos que tienen que\u00a0 trabajar con las estudiantes; D. DE LA MATEM\u00c1TICA: Cuadernillos\u00a0 3 y 7. D. DE LA LENGUA Y &#8230; <a title=\"ATENEO UNIDAD PEDAG\u00d2GICA\" class=\"read-more\" href=\"https:\/\/isfdimi-cba.infd.edu.ar\/sitio\/ateneo-unidad-pedagogica\/\" aria-label=\"More on ATENEO UNIDAD PEDAG\u00d2GICA\">[+]<\/a><\/p>\n","protected":false},"author":319,"featured_media":0,"parent":0,"menu_order":0,"comment_status":"closed","ping_status":"closed","template":"","meta":[],"acf":[],"_links":{"self":[{"href":"https:\/\/isfdimi-cba.infd.edu.ar\/sitio\/wp-json\/wp\/v2\/pages\/846"}],"collection":[{"href":"https:\/\/isfdimi-cba.infd.edu.ar\/sitio\/wp-json\/wp\/v2\/pages"}],"about":[{"href":"https:\/\/isfdimi-cba.infd.edu.ar\/sitio\/wp-json\/wp\/v2\/types\/page"}],"author":[{"embeddable":true,"href":"https:\/\/isfdimi-cba.infd.edu.ar\/sitio\/wp-json\/wp\/v2\/users\/319"}],"replies":[{"embeddable":true,"href":"https:\/\/isfdimi-cba.infd.edu.ar\/sitio\/wp-json\/wp\/v2\/comments?post=846"}],"version-history":[{"count":1,"href":"https:\/\/isfdimi-cba.infd.edu.ar\/sitio\/wp-json\/wp\/v2\/pages\/846\/revisions"}],"predecessor-version":[{"id":1052,"href":"https:\/\/isfdimi-cba.infd.edu.ar\/sitio\/wp-json\/wp\/v2\/pages\/846\/revisions\/1052"}],"wp:attachment":[{"href":"https:\/\/isfdimi-cba.infd.edu.ar\/sitio\/wp-json\/wp\/v2\/media?parent=846"}],"curies":[{"name":"wp","href":"https:\/\/api.w.org\/{rel}","templated":true}]}}