{"id":848,"date":"2018-08-30T13:00:22","date_gmt":"2018-08-30T16:00:22","guid":{"rendered":"https:\/\/isfdimi-cba.infd.edu.ar\/sitio\/gestion-directiva-dimension-pedagogica-gestion-curricular\/"},"modified":"2018-08-30T13:00:22","modified_gmt":"2018-08-30T16:00:22","slug":"gestion-directiva-dimension-pedagogica-gestion-curricular","status":"publish","type":"page","link":"https:\/\/isfdimi-cba.infd.edu.ar\/sitio\/gestion-directiva-dimension-pedagogica-gestion-curricular\/","title":{"rendered":"Gesti\u00f3n Directiva: Dimensi\u00f3n Pedag\u00f3gica. Gesti\u00f3n Curricular"},"content":{"rendered":"<p><img decoding=\"async\" loading=\"lazy\" src=\"https:\/\/isfdimi-cba.infd.edu.ar\/sitio\/wp-content\/uploads\/2018\/08\/32756179_10208780658272660_4596773896270643200_n.jpg\" border=\"0\" alt=\"\" width=\"687\" height=\"972\"><\/p>\n<p><span style=\"color: #ff6600; font-size: 14pt; font-family: 'comic sans ms', sans-serif;\"><strong>&nbsp;<span style=\"text-decoration: underline;\">Material de Lectura<\/span><\/strong><\/span><\/p>\n<p><span style=\"color: #003366; font-size: 14pt; font-family: 'comic sans ms', sans-serif;\"><strong><span style=\"text-decoration: underline;\">&#65279;<\/span><\/strong><\/span><strong><a title=\"Programa#DP# CURSO#DP# GESTI&Oacute;N DIRECTIVA. DIMENSI&Oacute;N PEDAG&Oacute;GICA.\" href=\"upload\/programa_del_curso.doc\" target=\"_blank\">Programa: GESTI&Oacute;N DIRECTIVA. DIMENSI&Oacute;N PEDAG&Oacute;GICA<\/a><\/strong><\/p>\n<p><strong><a title=\"GESTI&Oacute;N DIRECTIVA\" href=\"upload\/gestionar_es_1.doc\" target=\"_blank\">GESTI&Oacute;N DIRECTIVA<\/a><\/strong><\/p>\n<p><strong><a title=\"BLOQUE DE CONTENIDOS 1\" href=\"upload\/Material_Teorico.doc\" target=\"_blank\">BLOQUE DE CONTENIDOS 1<\/a><\/strong><\/p>\n<p>&nbsp;<\/p>\n<p><span style=\"color: #ff6600; font-size: 14pt; font-family: 'comic sans ms', sans-serif;\"><strong>As&iacute; se trabaja:<\/strong><\/span><\/p>\n<table style=\"width: 756px;\" border=\"0\" height=\"437\">\n<tbody>\n<tr>\n<td style=\"width: 356.449px;\"><img decoding=\"async\" loading=\"lazy\" src=\"https:\/\/isfdimi-cba.infd.edu.ar\/sitio\/wp-content\/uploads\/2018\/08\/35478696_10208929706438771_8612025966740373504_n.jpg\" border=\"0\" alt=\"\" width=\"391\" height=\"220\"><\/td>\n<td style=\"width: 385.551px;\"><img decoding=\"async\" loading=\"lazy\" src=\"https:\/\/isfdimi-cba.infd.edu.ar\/sitio\/wp-content\/uploads\/2018\/08\/35319096_10208929712478922_4941029956135157760_n.jpg\" border=\"0\" alt=\"\" width=\"415\" height=\"233\"><\/td>\n<\/tr>\n<tr>\n<td style=\"width: 356.449px;\"><img decoding=\"async\" loading=\"lazy\" src=\"https:\/\/isfdimi-cba.infd.edu.ar\/sitio\/wp-content\/uploads\/2018\/08\/35402045_10208932821636649_7335542427735818240_n.jpg\" border=\"0\" alt=\"\" width=\"396\" height=\"297\"><\/td>\n<td style=\"width: 385.551px;\"><img decoding=\"async\" loading=\"lazy\" src=\"https:\/\/isfdimi-cba.infd.edu.ar\/sitio\/wp-content\/uploads\/2018\/08\/35344483_10208932806596273_8805558704926621696_n.jpg\" border=\"0\" alt=\"\" width=\"350\" height=\"263\"><\/td>\n<\/tr>\n<\/tbody>\n<\/table>\n<p>&nbsp;<\/p><\/p>\n","protected":false},"excerpt":{"rendered":"<p>&nbsp;Material de Lectura &#65279;Programa: GESTI&Oacute;N DIRECTIVA. DIMENSI&Oacute;N PEDAG&Oacute;GICA GESTI&Oacute;N DIRECTIVA BLOQUE DE CONTENIDOS 1 &nbsp; As&iacute; se trabaja: &nbsp;<\/p>\n","protected":false},"author":319,"featured_media":0,"parent":0,"menu_order":0,"comment_status":"closed","ping_status":"closed","template":"","meta":[],"acf":[],"_links":{"self":[{"href":"https:\/\/isfdimi-cba.infd.edu.ar\/sitio\/wp-json\/wp\/v2\/pages\/848"}],"collection":[{"href":"https:\/\/isfdimi-cba.infd.edu.ar\/sitio\/wp-json\/wp\/v2\/pages"}],"about":[{"href":"https:\/\/isfdimi-cba.infd.edu.ar\/sitio\/wp-json\/wp\/v2\/types\/page"}],"author":[{"embeddable":true,"href":"https:\/\/isfdimi-cba.infd.edu.ar\/sitio\/wp-json\/wp\/v2\/users\/319"}],"replies":[{"embeddable":true,"href":"https:\/\/isfdimi-cba.infd.edu.ar\/sitio\/wp-json\/wp\/v2\/comments?post=848"}],"version-history":[{"count":0,"href":"https:\/\/isfdimi-cba.infd.edu.ar\/sitio\/wp-json\/wp\/v2\/pages\/848\/revisions"}],"wp:attachment":[{"href":"https:\/\/isfdimi-cba.infd.edu.ar\/sitio\/wp-json\/wp\/v2\/media?parent=848"}],"curies":[{"name":"wp","href":"https:\/\/api.w.org\/{rel}","templated":true}]}}